{"id":362,"date":"2011-05-31T00:00:12","date_gmt":"2011-05-31T00:00:12","guid":{"rendered":"http:\/\/cavilacionesydesvarios.com\/?page_id=362"},"modified":"2014-03-08T00:40:11","modified_gmt":"2014-03-08T00:40:11","slug":"%c2%a1hola-a-todos","status":"publish","type":"page","link":"https:\/\/www.cavilacionesydesvarios.com\/?page_id=362","title":{"rendered":"\u00a1Hola a Todos, Amigos de un Amigo!"},"content":{"rendered":"<p><strong>\u00a1Hola a Todos, <\/strong><strong>Amigos de un Amigo!<\/strong><\/p>\n<p><a href=\"http:\/\/www.cavilacionesydesvarios.com\/wp-content\/uploads\/2011\/03\/cavilaciones.jpg\"><img decoding=\"async\" loading=\"lazy\" class=\"alignleft size-full wp-image-26\" style=\"width: 260px; height: 250px;\" alt=\"cavilaciones\" src=\"http:\/\/www.cavilacionesydesvarios.com\/wp-content\/uploads\/2011\/03\/cavilaciones.jpg\" width=\"300\" height=\"266\" \/><\/a>A muchos de ustedes no los conozco en lo particular y conozco sus domicilios electr\u00f3nicos por todos esos reenv\u00edos que recibimos todos los d\u00edas por internet.<\/p>\n<p>&nbsp;<\/p>\n<p><em><strong>\u00a1Pero sirva el siguiente rollito como presentaci\u00f3n!<\/strong><\/em><strong> <\/strong><\/p>\n<p>Este medio de comunicaci\u00f3n y de crecimiento comunitario en esta \u00e9poca en que el temor nos limita a nuestro domicilio, o al barrio que nos rodea, sin atrevernos a ir m\u00e1s lejos, es extraordinario y debemos aprovecharlo correctamente. A m\u00ed no me gusta la basura y menos rebotarla hacia otros.<\/p>\n<p>Por eso me estoy aprovechando de todos los domicilios reenviados para formar un directorio al que he llamado <strong>\u201cAmigos de los Amigos\u201d<\/strong>. Empec\u00e9 con esta recolecci\u00f3n en julio de 2010 y ya cosech\u00e9 un mont\u00f3n de Amigos de los Amigos y la mata sigue dando frutos.<\/p>\n<p>Estoy sac\u00e1ndole jugo a la cosecha envi\u00e1ndoles a todos Ustedes (\u201cAmigos de los Amigos\u201d) art\u00edculos que escribo peri\u00f3dicamente a los que llamo <em><strong>\u201cCavilaciones y Desvar\u00edos\u201d<\/strong>. <\/em>En ellos expreso inquietudes personales de muchos temas. Yo solo espero que sean informativos, agradables o nost\u00e1lgicos o un buen punto de partida para usar las tijeras con este Amigo de los Amigos y pasar un buen rato cuando no haya algo mejor que hacer.<\/p>\n<p>Este es el mensaje que siempre env\u00edo con mi art\u00edculo a todos aquellos que llegan a mi correo reenviados por equis y que los incluyo como probables lectores de mis rollos.<\/p>\n<p>Ahora ya tengo mi <strong>BLOG: <em>\u201cCavilaciones y Desvar\u00edos\u201d<\/em><\/strong> que me da la oportunidad de tener todos mis dislates juntos y a disposici\u00f3n de aquellos que recientemente se hayan sumado como Amigo de los Amigos y se quieran emborucar ley\u00e9ndolos.<\/p>\n<p>Adem\u00e1s lo pongo a su disposici\u00f3n y los invito a sumarse con sus comentarios, inquietudes, relatos o lo que sea que quieran exponer. Los tomar\u00e9 en cuenta y me pondr\u00e9 en contacto con Ustedes.<\/p>\n<p>Si visitas este <strong>BLOG<\/strong> y no dispones otra cosa nos seguiremos leyendo en los emails.<\/p>\n<p>Y algo m\u00e1s:<em><strong> Gracias por tu valioso tiempo.<\/strong><\/em><\/p>\n<p><strong>Eduardo<\/strong><\/p>\n<p><em>(Eduardo Gama Barletti)<\/em><\/p>\n","protected":false},"excerpt":{"rendered":"<p>\u00a1Hola a Todos, Amigos de un Amigo! A muchos de ustedes no los conozco en lo particular y conozco sus domicilios electr\u00f3nicos por todos esos reenv\u00edos que recibimos todos los d\u00edas por internet. &nbsp; \u00a1Pero sirva el siguiente rollito como presentaci\u00f3n! Este medio de comunicaci\u00f3n y de crecimiento comunitario en esta \u00e9poca en que el [&hellip;]<\/p>\n","protected":false},"author":1,"featured_media":0,"parent":0,"menu_order":0,"comment_status":"open","ping_status":"open","template":"","meta":{"_mi_skip_tracking":false,"_monsterinsights_sitenote_active":false,"_monsterinsights_sitenote_note":"","_monsterinsights_sitenote_category":0},"aioseo_notices":[],"_links":{"self":[{"href":"https:\/\/www.cavilacionesydesvarios.com\/index.php?rest_route=\/wp\/v2\/pages\/362"}],"collection":[{"href":"https:\/\/www.cavilacionesydesvarios.com\/index.php?rest_route=\/wp\/v2\/pages"}],"about":[{"href":"https:\/\/www.cavilacionesydesvarios.com\/index.php?rest_route=\/wp\/v2\/types\/page"}],"author":[{"embeddable":true,"href":"https:\/\/www.cavilacionesydesvarios.com\/index.php?rest_route=\/wp\/v2\/users\/1"}],"replies":[{"embeddable":true,"href":"https:\/\/www.cavilacionesydesvarios.com\/index.php?rest_route=%2Fwp%2Fv2%2Fcomments&post=362"}],"version-history":[{"count":5,"href":"https:\/\/www.cavilacionesydesvarios.com\/index.php?rest_route=\/wp\/v2\/pages\/362\/revisions"}],"predecessor-version":[{"id":1218,"href":"https:\/\/www.cavilacionesydesvarios.com\/index.php?rest_route=\/wp\/v2\/pages\/362\/revisions\/1218"}],"wp:attachment":[{"href":"https:\/\/www.cavilacionesydesvarios.com\/index.php?rest_route=%2Fwp%2Fv2%2Fmedia&parent=362"}],"curies":[{"name":"wp","href":"https:\/\/api.w.org\/{rel}","templated":true}]}}