{"id":6,"date":"2011-02-07T15:37:34","date_gmt":"2011-02-07T15:37:34","guid":{"rendered":"http:\/\/activacorp.net\/cavilaciones\/?page_id=2"},"modified":"2016-04-30T13:04:59","modified_gmt":"2016-04-30T13:04:59","slug":"semblanza-del-escribidor","status":"publish","type":"page","link":"https:\/\/www.cavilacionesydesvarios.com\/?page_id=6","title":{"rendered":"Semblanza del Escribidor"},"content":{"rendered":"<p><strong><em><a href=\"http:\/\/www.cavilacionesydesvarios.com\/wp-content\/uploads\/2011\/02\/El-que-escribe-perfil.jpg\"><img decoding=\"async\" loading=\"lazy\" class=\"alignleft wp-image-1258 size-medium\" title=\"2006 MAR CHILE Y ARGENTINA (240)\" src=\"http:\/\/www.cavilacionesydesvarios.com\/wp-content\/uploads\/2011\/02\/El-que-escribe-perfil-300x256.jpg\" width=\"300\" height=\"256\" srcset=\"https:\/\/www.cavilacionesydesvarios.com\/wp-content\/uploads\/2011\/02\/El-que-escribe-perfil-300x256.jpg 300w, https:\/\/www.cavilacionesydesvarios.com\/wp-content\/uploads\/2011\/02\/El-que-escribe-perfil-768x655.jpg 768w, https:\/\/www.cavilacionesydesvarios.com\/wp-content\/uploads\/2011\/02\/El-que-escribe-perfil-1024x874.jpg 1024w, https:\/\/www.cavilacionesydesvarios.com\/wp-content\/uploads\/2011\/02\/El-que-escribe-perfil-340x290.jpg 340w\" sizes=\"(max-width: 300px) 100vw, 300px\" \/><\/a>Algo acerca del que aqu\u00ed escribe. <\/em><\/strong><\/p>\n<p style=\"text-align: center;\"><em><strong>\u201cCuando me siento a escribir Heimer y Alz se decepcionan de m\u00ed, <\/strong><\/em><em><strong>pero solo se \u00a0alejan\u00a0un poco para no perderme de vista\u201d<\/strong><\/em><\/p>\n<p>&nbsp;<\/p>\n<p>El que escribe \u201cCavilaciones y Desvar\u00edos\u201d no es ning\u00fan caso, solo es un tipo com\u00fan y corriente que anda siempre en busca de algo que hacer. Su mujer, a la que ama de siempre, dice que tiene el trasero lleno de hormigas. Es un lector insaciable, se despacha todo lo que cae en sus manos y siempre tiene algo que decir. Tiene visi\u00f3n perif\u00e9rica, es tod\u00f3logo, es necio y testarudo hasta que logra lo que quiere y muchas veces hasta lo que no quiere llev\u00e1ndose severos descolones y machucones del orgullo. Le gust\u00f3 y le gusta navegar por la libre, <em>\u201cfreelance\u201d<\/em> dicen ahora, bandeando entre mares borrascosos y placidas lagunas.<\/p>\n<p>Muchas veces le han dicho que est\u00e1 medio loco, esto no es cierto. Lo cierto es que le gusta planear como zopilote: flotando y dando vueltas sobre algo hasta que lo agarra; y cuando lo agarra lo despluma hasta encontrar algo sustancioso. Est\u00e1 convencido que platicar con la gente es f\u00e1cil, solo hay que empezar por esa punta de la hebra, el ser humano trae muchas colgando en sus semblantes y expresiones, que es muy larga, hace madeja y siempre desemboca en un sabroso rollo digno de cocinarse en blanco y negro.<\/p>\n<p>Tiene cuatro esplendidos hijos, dos del amor y dos por elecci\u00f3n filial, yerno y nuera. Ellos han llenado sus expectativas con generosidad. Los cuatro nietos solo con mencionarlos lo dicen todo. Amigos muy cercanos, pocos; amigos, muchos; amigos de lejos, todos.<\/p>\n<p>Ha sembrado \u00e1rboles, pero los que m\u00e1s aprecia son los de esta casa en la cual vive desde hace diez a\u00f1os. Le gusta viajar y cuando se presenta la oportunidad arremete sin piedad arrastrando a quien se deja.<\/p>\n<p>Nunca ha escrito un libro sin embargo ha escrito mucho sobre acontecimientos del d\u00eda ligados con lo que la nostalgia le trae a la memoria\u2014que seg\u00fan van pasando los a\u00f1os cada d\u00eda son m\u00e1s y muy insolentes \u2014 entremezclados con algo de historia. Tambi\u00e9n alguno que otro comentario sobre alg\u00fan art\u00edculo period\u00edstico; uno que otro publicado por ah\u00ed en alg\u00fan rinc\u00f3n muy discreto.<\/p>\n<p>La vida le ha dado todo, no le debe nada a la vida y seguro todav\u00eda har\u00e1n muchos intercambios.<\/p>\n<p><strong>\u00c9l Eduardo Yo<\/strong><\/p>\n<p><em>(Eduardo J Gama Barletti)<\/em><\/p>\n","protected":false},"excerpt":{"rendered":"<p>Algo acerca del que aqu\u00ed escribe. \u201cCuando me siento a escribir Heimer y Alz se decepcionan de m\u00ed, pero solo se \u00a0alejan\u00a0un poco para no perderme de vista\u201d &nbsp; El que escribe \u201cCavilaciones y Desvar\u00edos\u201d no es ning\u00fan caso, solo es un tipo com\u00fan y corriente que anda siempre en busca de algo que hacer. [&hellip;]<\/p>\n","protected":false},"author":1,"featured_media":0,"parent":0,"menu_order":0,"comment_status":"open","ping_status":"closed","template":"","meta":{"_mi_skip_tracking":false,"_monsterinsights_sitenote_active":false,"_monsterinsights_sitenote_note":"","_monsterinsights_sitenote_category":0},"aioseo_notices":[],"_links":{"self":[{"href":"https:\/\/www.cavilacionesydesvarios.com\/index.php?rest_route=\/wp\/v2\/pages\/6"}],"collection":[{"href":"https:\/\/www.cavilacionesydesvarios.com\/index.php?rest_route=\/wp\/v2\/pages"}],"about":[{"href":"https:\/\/www.cavilacionesydesvarios.com\/index.php?rest_route=\/wp\/v2\/types\/page"}],"author":[{"embeddable":true,"href":"https:\/\/www.cavilacionesydesvarios.com\/index.php?rest_route=\/wp\/v2\/users\/1"}],"replies":[{"embeddable":true,"href":"https:\/\/www.cavilacionesydesvarios.com\/index.php?rest_route=%2Fwp%2Fv2%2Fcomments&post=6"}],"version-history":[{"count":5,"href":"https:\/\/www.cavilacionesydesvarios.com\/index.php?rest_route=\/wp\/v2\/pages\/6\/revisions"}],"predecessor-version":[{"id":1259,"href":"https:\/\/www.cavilacionesydesvarios.com\/index.php?rest_route=\/wp\/v2\/pages\/6\/revisions\/1259"}],"wp:attachment":[{"href":"https:\/\/www.cavilacionesydesvarios.com\/index.php?rest_route=%2Fwp%2Fv2%2Fmedia&parent=6"}],"curies":[{"name":"wp","href":"https:\/\/api.w.org\/{rel}","templated":true}]}}